{"id":97,"date":"2018-05-29T23:09:41","date_gmt":"2018-05-29T20:09:41","guid":{"rendered":"https:\/\/metsastys.salo-aitsaari.fi\/?page_id=97"},"modified":"2018-05-29T23:09:41","modified_gmt":"2018-05-29T20:09:41","slug":"saannot","status":"publish","type":"page","link":"https:\/\/metsastys.salo-aitsaari.fi\/?page_id=97","title":{"rendered":"S\u00e4\u00e4nn\u00f6t"},"content":{"rendered":"<h1 align=\"LEFT\">Salo-\u00c4itsaaren mets\u00e4stysseura ry:n\u00a0s\u00e4\u00e4nn\u00f6t<\/h1>\n<h2>1 \u00a7<\/h2>\n<p>YHDISTYKSEN NIMI, KOTIPAIKKA, PERUSTAMISAIKA, KIELI, J\u00c4SENLIITTO JA -PIIRI<\/p>\n<p>Yhdistyksen nimi: Salo-\u00c4itsaaren mets\u00e4stysseura ry<\/p>\n<p align=\"LEFT\">Kotipaikka: Ruokolahti<\/p>\n<p align=\"LEFT\">Kunta: Ruokolahti<\/p>\n<p align=\"LEFT\">Yhdistys on perustettu tammikuun 20 p:n\u00e4 1963 ja siit\u00e4 k\u00e4ytet\u00e4\u00e4n n\u00e4iss\u00e4 s\u00e4\u00e4nn\u00f6iss\u00e4 nimityst\u00e4 <strong>seura<\/strong>.<\/p>\n<p align=\"LEFT\">Seuran kieli on suomi.<\/p>\n<p align=\"LEFT\">Seura on Suomen Mets\u00e4st\u00e4j\u00e4liiton Kymen piiri ry:n sek\u00e4 Kymenl\u00e4\u00e4nin Kennelpiiri ry:n j\u00e4sen.<\/p>\n<p align=\"LEFT\">Piirien j\u00e4senen\u00e4 seura noudattaa piirien s\u00e4\u00e4nt\u00f6j\u00e4 ja m\u00e4\u00e4r\u00e4yksi\u00e4.<\/p>\n<h2 align=\"LEFT\">2 \u00a7<\/h2>\n<p>SEURAN TARKOITUS<\/p>\n<p align=\"LEFT\">Seuran tarkoituksena on harjoittaa<\/p>\n<p style=\"padding-left: 30px;\">1) j\u00e4rkiper\u00e4ist\u00e4 pienriistan ja petoel\u00e4inten mets\u00e4styst\u00e4;<\/p>\n<p style=\"padding-left: 30px;\">2) riistanhoito- ja luonnonsuojelutoimintaa;<\/p>\n<p style=\"padding-left: 30px;\">3) mets\u00e4stysampumaurheilua ja<\/p>\n<p style=\"padding-left: 30px;\">4) kenneltoimintaa.<\/p>\n<h2 align=\"LEFT\">3 \u00a7<\/h2>\n<p align=\"LEFT\">SEURAN TOIMINTAMUODOT<\/p>\n<p align=\"LEFT\">Tarkoitustaan seura toteuttaa<\/p>\n<p style=\"padding-left: 30px;\" align=\"LEFT\">1) hankkimalla k\u00e4ytt\u00f6\u00f6ns\u00e4 pienriistan ja petoel\u00e4inten mets\u00e4stys- ja riistanhoitoalueita;<\/p>\n<p style=\"padding-left: 30px;\" align=\"LEFT\">2) suorittamalla riistanhoitoty\u00f6t\u00e4;<\/p>\n<p style=\"padding-left: 30px;\" align=\"LEFT\">3) valvomalla mets\u00e4stys- ja riistanhoitoalueillaan tapahtuvaa mets\u00e4styst\u00e4;<\/p>\n<p style=\"padding-left: 30px;\" align=\"LEFT\">4) seuraamalla toimialueensa riistatilannetta;<\/p>\n<p style=\"padding-left: 30px;\" align=\"LEFT\">5) huolehtimalla luonnonsuojeluun liittyvist\u00e4 k\u00e4yt\u00e4nn\u00f6n toimista;<\/p>\n<p style=\"padding-left: 30px;\" align=\"LEFT\">6) kouluttamalla j\u00e4seni\u00e4\u00e4n;<\/p>\n<p style=\"padding-left: 30px;\" align=\"LEFT\">7) j\u00e4rjest\u00e4m\u00e4ll\u00e4 mets\u00e4stys- ja urheiluammunnan suoritus- ja kilpailutilaisuuksia, mit\u00e4 varten seura voi asianomaisella luvalla rakentaa ja yll\u00e4pit\u00e4\u00e4 ampumarataa<\/p>\n<p style=\"padding-left: 30px;\" align=\"LEFT\">8) edist\u00e4m\u00e4ll\u00e4 mets\u00e4styskoiratoimintaa;<\/p>\n<h2 align=\"LEFT\">4 \u00a7<\/h2>\n<p align=\"LEFT\">SEURAN J\u00c4SENET<\/p>\n<p align=\"LEFT\">Seuran <strong>varsinaiseksi, maanomistaja- tai kilpailuj\u00e4seneksi<\/strong> johtokunta voi hyv\u00e4ksy\u00e4 henkil\u00f6n, sitoutuu noudattamaan seuran ja Suomen Mets\u00e4st\u00e4j\u00e4liiton Kymen piiri ry:n ja Kymenl\u00e4\u00e4nin Kennelpiiri ry:n s\u00e4\u00e4nt\u00f6j\u00e4 ja p\u00e4\u00e4t\u00f6ksi\u00e4.<\/p>\n<p align=\"LEFT\">Maanomistajaj\u00e4seneksi hyv\u00e4ksyt\u00e4\u00e4n maanomistaja, joka mets\u00e4stysvuokrasopimuksella vastikkeetta luovuttaa seuralle omistamansa kooltaan v\u00e4hint\u00e4\u00e4n 10 ha k\u00e4sitt\u00e4v\u00e4n tilan pienriistan ja petoel\u00e4inten mets\u00e4stysoikeuksilla.<\/p>\n<p align=\"LEFT\">Maanomistajaj\u00e4seneksi voidaan hyv\u00e4ksy\u00e4 maanomistajan vanhemmat tai lapset.<\/p>\n<p align=\"LEFT\">Varsinaiseksi j\u00e4seneksi hyv\u00e4ksyt\u00e4\u00e4n ensisijaisesti paikkakunnalla asuva henkil\u00f6.<\/p>\n<p align=\"LEFT\">Jos maanomistajaj\u00e4sen myy tai luovuttaa omistamansa maan pois, muutetaan h\u00e4net hakemuksesta varsinaiseksi j\u00e4seneksi.<\/p>\n<p align=\"LEFT\">Jos maanomistajaj\u00e4sen irtisanoo maanvuokraussopimuksen, h\u00e4net siirret\u00e4\u00e4n hakemuksesta varsinaiseksi j\u00e4seneksi.<\/p>\n<p align=\"LEFT\">Seuran kilpailuj\u00e4seneksi voi johtokunta erillisen anomuksen perusteella valita hyv\u00e4maineisia mets\u00e4stysharrastuksen kilpailutoimintoja harrastavia henkil\u00f6it\u00e4. Kilpailuj\u00e4senell\u00e4 ei ole mets\u00e4stysoikeutta, mutta on seuran kokouksissa puhe- vaan ei \u00e4\u00e4nioikeutta sek\u00e4 oikeus edustaa seuraa kilpailutoiminnoissa.<\/p>\n<p>Kunniapuheenjohtajaksi tai <strong>kunniaj\u00e4seneksi<\/strong> voidaan johtokunnan esityksest\u00e4 seuran kokouksen p\u00e4\u00e4t\u00f6ksell\u00e4 kutsua henkil\u00f6, joka on eritt\u00e4in huomattavasti edist\u00e4nyt seuran toimintaa.<\/p>\n<p align=\"LEFT\">Kunniapuheenjohtajan ja kunniaj\u00e4senen arvo on elinik\u00e4inen. Kunniapuheenjohtajia seuralla voi samanaikaisesti olla enint\u00e4\u00e4n yksi (1) ja kunniaj\u00e4seni\u00e4 enint\u00e4\u00e4n viisi (5).<\/p>\n<p align=\"LEFT\">T\u00e4ll\u00e4 s\u00e4\u00e4nt\u00f6muutoksella ei loukata aikaisempien s\u00e4\u00e4nt\u00f6jen mukaisia j\u00e4senoikeuksia.<\/p>\n<h2 align=\"LEFT\">5 \u00a7<\/h2>\n<p align=\"LEFT\">J\u00c4SENEN VELVOITTEET JA MAKSUT<\/p>\n<p align=\"LEFT\">J\u00e4sen on velvollinen noudattamaan mets\u00e4styst\u00e4 harjoittaessaan ja muussa toiminnassaan seuran s\u00e4\u00e4nt\u00f6j\u00e4 ja p\u00e4\u00e4t\u00f6ksi\u00e4 sek\u00e4 varsinaisten j\u00e4senten suorittamaan seuraan liittyess\u00e4\u00e4n <strong>liittymismaksun <\/strong>ja maaliskuun loppuun menness\u00e4 vuotuisen <strong>j\u00e4senmaksun<\/strong> joiden suuruuden seuran talvikokous vuosittain m\u00e4\u00e4r\u00e4\u00e4.<\/p>\n<p align=\"LEFT\">Maanomistajaj\u00e4senilt\u00e4 ei perit\u00e4 liittymismaksua. Maanomistajaj\u00e4senten j\u00e4senmaksu on puolet varsinaisten j\u00e4senten ja kilpailuj\u00e4senten j\u00e4senmaksusta.<\/p>\n<p align=\"LEFT\">Kilpailuj\u00e4senilt\u00e4 ei perit\u00e4 liittymismaksua, eik\u00e4 h\u00e4nell\u00e4 ole \u00e4\u00e4nioikeutta. Kilpailuj\u00e4senten j\u00e4senmaksu on samansuurinen varsinaisten j\u00e4senten kanssa.<\/p>\n<p align=\"LEFT\">Kunniapuheenjohtaja ja kunniaj\u00e4senet ovat vapautetut j\u00e4senmaksuista.<\/p>\n<h2 align=\"LEFT\">6 \u00a7<\/h2>\n<p align=\"LEFT\">SEURASTA EROAMINEN<\/p>\n<p align=\"LEFT\">J\u00e4senell\u00e4 on oikeus milloin tahansa erota seurasta ilmoittamalla siit\u00e4 kirjallisesti seuran johtokunnalle tai sen puheenjohtajalle. J\u00e4sen voi my\u00f6s erota ilmoittamalla siit\u00e4 seuran kokouksessa p\u00f6yt\u00e4kirjaan merkitt\u00e4v\u00e4ksi.<\/p>\n<h2 align=\"LEFT\">7 \u00a7<\/h2>\n<p align=\"LEFT\">SEURASTA EROTTAMINEN<\/p>\n<p align=\"LEFT\">Seuran johtokunta voi erottaa j\u00e4senen, joka<\/p>\n<p style=\"padding-left: 30px;\" align=\"LEFT\">1) laiminly\u00f6 n\u00e4iss\u00e4 s\u00e4\u00e4nn\u00f6iss\u00e4 mainittujen maksujen suorittamisen;<\/p>\n<p style=\"padding-left: 30px;\" align=\"LEFT\">2) toimii yhdistyksen s\u00e4\u00e4nt\u00f6jen tai hyvien mets\u00e4st\u00e4j\u00e4tapojen vastaisesti;<\/p>\n<p style=\"padding-left: 30px;\" align=\"LEFT\">3) rikkoo mets\u00e4styst\u00e4 koskevia lakeja, asetuksia tai m\u00e4\u00e4r\u00e4yksi\u00e4 tai<\/p>\n<p style=\"padding-left: 30px;\" align=\"LEFT\">4) toimii seuran tarkoitusperien vastaisesti.<\/p>\n<p align=\"LEFT\">Ennen p\u00e4\u00e4t\u00f6ksentekoa johtokunnan on varattava asianomaiselle j\u00e4senelle tilaisuus selityksen antamiseen asiassa, jollei erottamisen syyn\u00e4 ole n\u00e4iss\u00e4 s\u00e4\u00e4nn\u00f6iss\u00e4 mainittujen maksujen maksamatta j\u00e4tt\u00e4minen.<\/p>\n<p align=\"LEFT\">Erotetulla on oikeus vedota seuran seuraavaan kokoukseen. Vetoomus on annettava tiedoksi kirjallisesti <span style=\"font-family: TimesNewRomanPSMT;\">seuran johtokunnalle 30 p\u00e4iv\u00e4n kuluessa kirjallisen erottamisp\u00e4\u00e4t\u00f6ksen postitusp\u00e4iv\u00e4st\u00e4 <\/span>po. p\u00e4iv\u00e4\u00e4 lukuun ottamatta. Ellei vetoomusta esitet\u00e4 edell\u00e4 mainitussa j\u00e4rjestyksess\u00e4, tulkoon erottamisp\u00e4\u00e4t\u00f6s voimaan heti m\u00e4\u00e4r\u00e4ajan p\u00e4\u00e4tytty\u00e4. Muussa tapauksessa j\u00e4sen katsottakoon erotetuksi vasta sitten, kun seuran kokous on vahvistanut erottamisp\u00e4\u00e4t\u00f6ksen.<\/p>\n<p align=\"LEFT\">Eroava tai erotettu j\u00e4sen on velvollinen suorittamaan ennen j\u00e4sensuhteensa lakkaamista h\u00e4nelle kuuluvat maksut, eik\u00e4 h\u00e4nell\u00e4 ole oikeutta saada mit\u00e4\u00e4n seuran kiinte\u00e4st\u00e4 tai irtaimesta omaisuudesta.<\/p>\n<h2 align=\"LEFT\">8 \u00a7<\/h2>\n<p align=\"LEFT\">SEURAN VARSINAISET JA YLIM\u00c4\u00c4R\u00c4ISET KOKOUKSET<\/p>\n<p align=\"LEFT\">Seura pit\u00e4\u00e4 vuosittain kaksi varsinaista kokousta, joista <strong>talvikokous<\/strong> pidet\u00e4\u00e4n tammi-helmikuussa ja <strong>kes\u00e4kokous<\/strong> kes\u00e4-syyskuussa. Kokouksen paikan ja tarkemman ajan m\u00e4\u00e4r\u00e4\u00e4 johtokunta.<\/p>\n<p align=\"LEFT\">Kutsu varsinaiseen ja ylim\u00e4\u00e4r\u00e4iseen seuran kokoukseen on saatettava j\u00e4senten tietoon v\u00e4hint\u00e4\u00e4n <strong>7<\/strong> p\u00e4iv\u00e4\u00e4 ennen kokousta<\/p>\n<p style=\"padding-left: 30px;\" align=\"LEFT\">1) sanomalehti-ilmoituksella paikkakunnalla yleisesti ilmestyv\u00e4ss\u00e4 sanomalehdess\u00e4 tai<\/p>\n<p style=\"padding-left: 30px;\" align=\"LEFT\">2) kirjallisena ilmoituksena j\u00e4senille tai<\/p>\n<p style=\"padding-left: 30px;\" align=\"LEFT\">3) seuran viralliseen ilmoitustauluun kiinnitetyll\u00e4 ilmoituksella.<\/p>\n<h2 align=\"LEFT\">9 \u00a7<\/h2>\n<p align=\"LEFT\">TALVIKOKOUSASIAT<\/p>\n<p align=\"LEFT\">Talvikokouksessa k\u00e4sitell\u00e4\u00e4n seuraavat asiat:<\/p>\n<p style=\"padding-left: 30px;\" align=\"LEFT\">1) Valitaan kokouksen puheenjohtaja, sihteeri, kaksi p\u00f6yt\u00e4kirjantarkastajaa ja kaksi \u00e4\u00e4ntenlaskijaa,<\/p>\n<p style=\"padding-left: 30px;\" align=\"LEFT\">2) Todetaan kokouksen laillisuus,<\/p>\n<p style=\"padding-left: 30px;\" align=\"LEFT\">3) Hyv\u00e4ksyt\u00e4\u00e4n ty\u00f6j\u00e4rjestys,<\/p>\n<p style=\"padding-left: 30px;\" align=\"LEFT\">4) Esitet\u00e4\u00e4n seuran toimintakertomus, tilinp\u00e4\u00e4t\u00f6s ja tilintarkastajien lausunto edelliselt\u00e4 vuodelta ja p\u00e4\u00e4tet\u00e4\u00e4n tilien hyv\u00e4ksymisest\u00e4 ja tilinp\u00e4\u00e4t\u00f6ksen vahvistamisesta,<\/p>\n<p style=\"padding-left: 30px;\" align=\"LEFT\">5) P\u00e4\u00e4tet\u00e4\u00e4n vastuuvapauden my\u00f6nt\u00e4misest\u00e4 johtokunnalle ja muille tilivelvollisille,<\/p>\n<p style=\"padding-left: 30px;\" align=\"LEFT\">6) Toimitetaan johtokunnan puheenjohtajan vaali,<\/p>\n<p style=\"padding-left: 30px;\" align=\"LEFT\">7) Toimitetaan johtokunnan j\u00e4senten vaali erovuoroisten tilalle,<\/p>\n<p style=\"padding-left: 30px;\" align=\"LEFT\">8) Toimitetaan kahden tilintarkastajan ja heid\u00e4n henkil\u00f6kohtaisten varamiestens\u00e4 vaali alkaneelle toimintavuodelle,<\/p>\n<p style=\"padding-left: 30px;\" align=\"LEFT\">9) Vahvistetaan toiminta- ja riistanhoitosuunnitelma alkanutta toimintavuotta varten,<\/p>\n<p style=\"padding-left: 30px;\" align=\"LEFT\">10) P\u00e4\u00e4tet\u00e4\u00e4n seuran liittymis- ja j\u00e4senmaksun suuruudesta,<\/p>\n<p style=\"padding-left: 30px;\" align=\"LEFT\">11) Vahvistetaan alkaneen vuoden tulo- ja menoarvio,<\/p>\n<p style=\"padding-left: 30px;\" align=\"LEFT\">12) K\u00e4sitell\u00e4\u00e4n mahdolliset seuran j\u00e4senten erottamistapaukset, milloin seuran j\u00e4sen on s\u00e4\u00e4nt\u00f6jen 7 \u00a7:n mukaan saattanut erottamisensa seuran kokouksen ratkaistavaksi,<\/p>\n<p style=\"padding-left: 30px;\" align=\"LEFT\">13) Valitaan seuran edustajat ja heid\u00e4n varamiehens\u00e4 piirikokouksiin,<\/p>\n<p style=\"padding-left: 30px;\" align=\"LEFT\">14) K\u00e4sitell\u00e4\u00e4n muut johtokunnan tai seuran j\u00e4senten johtokunnalle v\u00e4hint\u00e4\u00e4n kolme viikkoa ennen kokousta esitt\u00e4m\u00e4t ja kokouskutsussa mainitut asiat,<\/p>\n<p style=\"padding-left: 30px;\" align=\"LEFT\">15) P\u00e4\u00e4tet\u00e4\u00e4n Suomen Mets\u00e4st\u00e4j\u00e4liiton Kymen piiri ry:lle ja Kymenl\u00e4\u00e4nin Kennelpiiri ry:lle teht\u00e4vist\u00e4 esityksist\u00e4,<\/p>\n<p style=\"padding-left: 30px;\" align=\"LEFT\">16) Keskustellaan muista mahdollisista esille tulevista asioista, joista ei kuitenkaan voida tehd\u00e4 p\u00e4\u00e4t\u00f6st\u00e4.<\/p>\n<h2 align=\"LEFT\">10 \u00a7<\/h2>\n<p align=\"LEFT\">KES\u00c4KOKOUSASIAT<\/p>\n<p align=\"LEFT\">Kes\u00e4kokouksessa p\u00e4\u00e4tet\u00e4\u00e4n seuran <strong>mets\u00e4stysj\u00e4rjestelyist\u00e4<\/strong>. Kokouksessa voidaan tehd\u00e4 p\u00e4\u00e4t\u00f6ksi\u00e4 my\u00f6s muista kokouskutsussa mainituista asioita.<\/p>\n<h2 align=\"LEFT\">11 \u00a7<\/h2>\n<p align=\"LEFT\">SEURAN YLIM\u00c4\u00c4R\u00c4INEN KOKOUS<\/p>\n<p align=\"LEFT\">Seuran ylim\u00e4\u00e4r\u00e4inen kokous on pidett\u00e4v\u00e4, kun seuran kokous niin p\u00e4\u00e4tt\u00e4\u00e4 tai johtokunta katsoo siihen olevan aihetta taikka v\u00e4hint\u00e4\u00e4n yksi kymmenesosa (1\/10) seuran \u00e4\u00e4nioikeutetuista j\u00e4senist\u00e4 sit\u00e4 ilmoittamansa asian k\u00e4sittely\u00e4 varten vaatii.<\/p>\n<p align=\"LEFT\">J\u00e4lkimm\u00e4isess\u00e4 tapauksessa vaatimus kokouksen pit\u00e4misest\u00e4 on esitett\u00e4v\u00e4 kirjallisesti seuran johtokunnalle. Ylim\u00e4\u00e4r\u00e4inen kokous on pidett\u00e4v\u00e4 kahden kuukauden kuluessa vaatimuksen esitt\u00e4misest\u00e4. Kokouskutsusta on voimassa, mit\u00e4 s\u00e4\u00e4nt\u00f6jen 8 \u00a7:ss\u00e4 on m\u00e4\u00e4r\u00e4tty.<\/p>\n<h2 align=\"LEFT\">12 \u00a7<\/h2>\n<p align=\"LEFT\">P\u00d6YT\u00c4KIRJAN PIT\u00c4MINEN<\/p>\n<p align=\"LEFT\">Seuran, sen johtokunnan, toimikuntien ja jaostojen kokouksissa on pidett\u00e4v\u00e4 p\u00f6yt\u00e4kirjaa. Seuran kokousten p\u00f6yt\u00e4kirjat on kokouksen puheenjohtajan ja sihteerin sek\u00e4 valittujen tarkastajien tarkastettava.<\/p>\n<h2 align=\"LEFT\">13 \u00a7<\/h2>\n<p align=\"LEFT\">SEURAN P\u00c4\u00c4T\u00d6KSENTEKOJ\u00c4RJESTYS<\/p>\n<p align=\"LEFT\">Seuran p\u00e4\u00e4t\u00f6kset tehd\u00e4\u00e4n <strong>yksinkertaisella \u00e4\u00e4ntenenemmist\u00f6ll\u00e4<\/strong>. \u00c4\u00e4nten sattuessa tasan ratkaisee puheenjohtajan \u00e4\u00e4ni paitsi vaaleissa arpa.<\/p>\n<p align=\"LEFT\">Jokaisella liittymismaksun ja kokoukseen menness\u00e4 j\u00e4senmaksunsa maksaneella j\u00e4senell\u00e4 kilpailuj\u00e4seni\u00e4 lukuun ottamatta on yksi \u00e4\u00e4ni. Valtakirjalla ei saa \u00e4\u00e4nest\u00e4\u00e4.<\/p>\n<p align=\"LEFT\">S\u00e4\u00e4nt\u00f6jen muuttamisesta, seuran purkamisesta tai seuran omaisuuden p\u00e4\u00e4osan luovuttamista koskevassa asiassa seuran p\u00e4\u00e4t\u00f6kseksi tulee se mielipide, jota on kannattanut <strong>v\u00e4hint\u00e4\u00e4n kolme nelj\u00e4sosaa<\/strong> (3\/4) \u00e4\u00e4nestyksess\u00e4 annetuista \u00e4\u00e4nist\u00e4.<\/p>\n<h2 align=\"LEFT\">14 \u00a7<\/h2>\n<p align=\"LEFT\">SEURAN TILI- JA TOIMINTAVUOSI<\/p>\n<p align=\"LEFT\">Seuran tili- ja toimintavuosi on <strong>kalenterivuosi<\/strong>. Johtokunnan tulee luovuttaa tilit ja tilinp\u00e4\u00e4t\u00f6s tilintarkastajille tarkastettavaksi v\u00e4hint\u00e4\u00e4n kolme viikkoa ennen talvikokousta. Tilintarkastajien on annettava lausuntonsa johtokunnalle viimeist\u00e4\u00e4n kaksi viikkoa ennen talvikokousta.<\/p>\n<h2 align=\"LEFT\">15 \u00a7<\/h2>\n<p align=\"LEFT\">SEURAN JOHTOKUNTA JA SEN EROVUOROISUUS<\/p>\n<p align=\"LEFT\">Seuran toimintaa johtaa ja sen taloudenhoidosta sek\u00e4 omaisuudesta huolehtii ja vastaa sek\u00e4 seuraa edustaa talvikokouksen valitsema johtokunta.<\/p>\n<p align=\"LEFT\">Johtokuntaan kuuluu yhdeksi vuodeksi valittu puheenjohtaja ja kahdeksi vuodeksi valitut 10 j\u00e4sent\u00e4. Johtokunnan j\u00e4senist\u00e4 on vuosittain erovuorossa puolet. Ensimm\u00e4isell\u00e4 kerralla eroaa arvan perusteella puolet johtokunnan j\u00e4senist\u00e4. T\u00e4m\u00e4n j\u00e4lkeen erovuoroisuus m\u00e4\u00e4r\u00e4ytyy vuoron mukaan.<\/p>\n<p align=\"LEFT\">Jos j\u00e4sen kesken toimikauttaan estyy teht\u00e4v\u00e4ns\u00e4 hoitamisesta, seuran kokous valitsee h\u00e4nen tilalleen j\u00e4ljell\u00e4 olevaksi toimikaudeksi uuden j\u00e4senen, mik\u00e4li katsoo sen tarpeelliseksi.<\/p>\n<p align=\"LEFT\">Johtokunta valitsee t\u00e4ysi-ik\u00e4isten j\u00e4sentens\u00e4 keskuudesta varapuheenjohtajan sek\u00e4 lis\u00e4ksi sihteerin ja taloudenhoitajan, jotka voidaan valita my\u00f6s johtokunnan ulkopuolelta.<\/p>\n<p align=\"LEFT\">Johtokunta kokoontuu puheenjohtajan tai h\u00e4nen ollessa estynyt, varapuheenjohtajan kutsusta, milloin n\u00e4m\u00e4 katsovat kokouksen tarpeelliseksi tai kun puolet johtokunnan j\u00e4senist\u00e4 sit\u00e4 kirjallisesti heilt\u00e4 vaatii.<\/p>\n<h2 align=\"LEFT\">16 \u00a7<\/h2>\n<p align=\"LEFT\">P\u00c4\u00c4T\u00d6SVALTAISUUS<\/p>\n<p align=\"LEFT\">Johtokunta on p\u00e4\u00e4t\u00f6svaltainen silloin, kun puheenjohtaja tai h\u00e4nen estyneen\u00e4 ollessaan varapuheenjohtaja sek\u00e4 v\u00e4hint\u00e4\u00e4n puolet muista j\u00e4senist\u00e4 on saapuvilla.<\/p>\n<h2 align=\"LEFT\">17 \u00a7<\/h2>\n<p align=\"LEFT\">SEURAN NIMENKIRJOITTAJAT<\/p>\n<p align=\"LEFT\">Seuran nimen kirjoittaa puheenjohtaja tai varapuheenjohtaja tai sihteeri kukin erikseen.<\/p>\n<h2 align=\"LEFT\">18 \u00a7<\/h2>\n<p align=\"LEFT\">JOHTOKUNNAN TEHT\u00c4V\u00c4T<\/p>\n<p align=\"LEFT\">Johtokunnan teht\u00e4v\u00e4n\u00e4 on erityisesti<\/p>\n<p style=\"padding-left: 30px;\" align=\"LEFT\">1) toimia seuran ylimp\u00e4n\u00e4 toimeenpanevana ja valvovana elimen\u00e4 niin, ett\u00e4 seuran tarkoituksen ja tavoitteiden mukaiset toiminnat toteutetaan suunnitelmien mukaisesti;<\/p>\n<p style=\"padding-left: 30px;\" align=\"LEFT\">2) olla vastuussa seuran toiminnasta lakien ja asetusten mukaisesti;<\/p>\n<p style=\"padding-left: 30px;\" align=\"LEFT\">3) suunnitella ja kehitt\u00e4\u00e4 seuran kokonaistoimintaa sek\u00e4 johtaa seuran toimintaa sen tarkoituksen ja tavoitteiden mukaisesti;<\/p>\n<p style=\"padding-left: 30px;\" align=\"LEFT\">4) vahvistaa teht\u00e4v\u00e4njako keskuudessaan sek\u00e4 valita tarvittavat toimikunnat, valiokunnat, jaostot ja ty\u00f6ryhm\u00e4t suorittamaan niille m\u00e4\u00e4r\u00e4ttyj\u00e4 johtokunnalle vastuullisia teht\u00e4vi\u00e4;<\/p>\n<p style=\"padding-left: 30px;\" align=\"LEFT\">5) vastata seuran ulkopuolelle suuntautuvasta toiminnasta;<\/p>\n<p style=\"padding-left: 30px;\" align=\"LEFT\">6) vastata j\u00e4senliittojen ja piirien s\u00e4\u00e4nt\u00f6jen ja ohjeiden seuralle asettamista velvoitteista;<\/p>\n<p style=\"padding-left: 30px;\" align=\"LEFT\">7) nimet\u00e4 edustajat Suomen Mets\u00e4st\u00e4j\u00e4liiton Kymen piiri ry:n ja Kymenl\u00e4\u00e4nin Kennelpiiri ry:n kokouksiin, ellei seuran talvikokous ole asiasta jo p\u00e4\u00e4tt\u00e4nyt;<\/p>\n<p style=\"padding-left: 30px;\" align=\"LEFT\">8) vastata seuran kokousten antamista velvoitteista;<\/p>\n<p style=\"padding-left: 30px;\" align=\"LEFT\">9) pit\u00e4\u00e4 seuran j\u00e4senluetteloa;<\/p>\n<p style=\"padding-left: 30px;\" align=\"LEFT\">10) hoitaa huolellisesti seuran taloutta ja omaisuutta;<\/p>\n<p style=\"padding-left: 30px;\" align=\"LEFT\">11) hoitaa seuran tiedotustoimintaa;<\/p>\n<p style=\"padding-left: 30px;\" align=\"LEFT\">12) hyv\u00e4ksy\u00e4 ja erottaa j\u00e4senet;<\/p>\n<p style=\"padding-left: 30px;\" align=\"LEFT\">13) valita sek\u00e4 tarvittaessa erottaa seuran toimihenkil\u00f6t;<\/p>\n<p style=\"padding-left: 30px;\" align=\"LEFT\">14) p\u00e4\u00e4tt\u00e4\u00e4 seuran ansiomerkkien ja huomionosoitusten my\u00f6nt\u00e4misest\u00e4 sek\u00e4 tehd\u00e4 esityksi\u00e4 muista huomionosoituksista;<\/p>\n<p style=\"padding-left: 30px;\" align=\"LEFT\">15) tehd\u00e4 mets\u00e4stysvuokra- ja muut mets\u00e4stysalueiden k\u00e4ytt\u00f6\u00e4 koskevat sopimukset sek\u00e4<\/p>\n<p style=\"padding-left: 30px;\" align=\"LEFT\">16) ryhty\u00e4 kaikkiin toimenpiteisiin, joita seuran etu vaatii.<\/p>\n<h2 align=\"LEFT\">19 \u00a7<\/h2>\n<p align=\"LEFT\">SEURAN METS\u00c4STYSS\u00c4\u00c4NN\u00d6T<\/p>\n<p align=\"LEFT\">Seuran yleiset mets\u00e4styss\u00e4\u00e4nn\u00f6t ja n\u00e4ihin teht\u00e4v\u00e4t muutokset vahvistetaan seuran kokouksissa.<\/p>\n<h2 align=\"LEFT\">20 \u00a7<\/h2>\n<p align=\"LEFT\">SEURAN VAROJEN JA ARKISTON SIIRTO SEURAN PURKAUTUESSA<\/p>\n<p align=\"LEFT\">Jos seura puretaan, k\u00e4ytet\u00e4\u00e4n sen j\u00e4ljelle j\u00e4\u00e4neet varat viimeisen kokouksen p\u00e4\u00e4t\u00f6ksen mukaisesti johonkin seuran toimintaa l\u00e4hell\u00e4 olevaan tarkoitukseen.<\/p>\n<p align=\"LEFT\">Seuran tullessa lakkautetuksi, k\u00e4ytet\u00e4\u00e4n varat samaan tarkoitukseen.<\/p>\n<p align=\"LEFT\">Seuran arkisto siirret\u00e4\u00e4n Suomen Mets\u00e4stysmuseoyhdistys &#8211; Jaktmuseif\u00f6reningen i Finland ry:lle (=Suomen Mets\u00e4stysmuseo).<\/p>\n<p align=\"LEFT\">Seuran purkautumisesta on teht\u00e4v\u00e4 ilmoitus yhdistysrekisteriviranomaisten lis\u00e4ksi Suomen Mets\u00e4st\u00e4j\u00e4liiton Kymen piiri ry:lle ja Ruokolahden ja Imatran riistanhoitoyhdistykselle.<\/p>\n<h2 align=\"LEFT\">21 \u00a7<\/h2>\n<p align=\"LEFT\">MUUTA<\/p>\n<p>Muutoin noudatettakoon, mit\u00e4 laissa yhdistyksist\u00e4 on s\u00e4\u00e4detty.<\/p>\n","protected":false},"excerpt":{"rendered":"<p>Salo-\u00c4itsaaren mets\u00e4stysseura ry:n\u00a0s\u00e4\u00e4nn\u00f6t 1 \u00a7 YHDISTYKSEN NIMI, KOTIPAIKKA, PERUSTAMISAIKA, KIELI, J\u00c4SENLIITTO JA -PIIRI Yhdistyksen nimi: Salo-\u00c4itsaaren mets\u00e4stysseura ry Kotipaikka: Ruokolahti Kunta: Ruokolahti Yhdistys on perustettu tammikuun 20 p:n\u00e4 1963 ja siit\u00e4 k\u00e4ytet\u00e4\u00e4n n\u00e4iss\u00e4 s\u00e4\u00e4nn\u00f6iss\u00e4 nimityst\u00e4 seura. Seuran kieli on suomi. Seura on Suomen Mets\u00e4st\u00e4j\u00e4liiton Kymen piiri ry:n sek\u00e4 Kymenl\u00e4\u00e4nin Kennelpiiri ry:n j\u00e4sen. Piirien j\u00e4senen\u00e4 seura &hellip; <\/p>\n<p class=\"link-more\"><a href=\"https:\/\/metsastys.salo-aitsaari.fi\/?page_id=97\" class=\"more-link\">Jatka lukemista<span class=\"screen-reader-text\"> &#8221;S\u00e4\u00e4nn\u00f6t&#8221;<\/span><\/a><\/p>\n","protected":false},"author":1,"featured_media":0,"parent":0,"menu_order":0,"comment_status":"closed","ping_status":"closed","template":"","meta":{"footnotes":""},"class_list":["post-97","page","type-page","status-publish","hentry"],"_links":{"self":[{"href":"https:\/\/metsastys.salo-aitsaari.fi\/index.php?rest_route=\/wp\/v2\/pages\/97","targetHints":{"allow":["GET"]}}],"collection":[{"href":"https:\/\/metsastys.salo-aitsaari.fi\/index.php?rest_route=\/wp\/v2\/pages"}],"about":[{"href":"https:\/\/metsastys.salo-aitsaari.fi\/index.php?rest_route=\/wp\/v2\/types\/page"}],"author":[{"embeddable":true,"href":"https:\/\/metsastys.salo-aitsaari.fi\/index.php?rest_route=\/wp\/v2\/users\/1"}],"replies":[{"embeddable":true,"href":"https:\/\/metsastys.salo-aitsaari.fi\/index.php?rest_route=%2Fwp%2Fv2%2Fcomments&post=97"}],"version-history":[{"count":4,"href":"https:\/\/metsastys.salo-aitsaari.fi\/index.php?rest_route=\/wp\/v2\/pages\/97\/revisions"}],"predecessor-version":[{"id":101,"href":"https:\/\/metsastys.salo-aitsaari.fi\/index.php?rest_route=\/wp\/v2\/pages\/97\/revisions\/101"}],"wp:attachment":[{"href":"https:\/\/metsastys.salo-aitsaari.fi\/index.php?rest_route=%2Fwp%2Fv2%2Fmedia&parent=97"}],"curies":[{"name":"wp","href":"https:\/\/api.w.org\/{rel}","templated":true}]}}