{"id":2,"date":"2018-05-17T08:59:21","date_gmt":"2018-05-17T08:59:21","guid":{"rendered":"http:\/\/metsastys.salo-aitsaari.fi\/?page_id=2"},"modified":"2018-05-30T08:52:12","modified_gmt":"2018-05-30T05:52:12","slug":"sample-page","status":"publish","type":"page","link":"https:\/\/metsastys.salo-aitsaari.fi\/?page_id=2","title":{"rendered":"Tietosuojaseloste"},"content":{"rendered":"<h1>Keit\u00e4 me olemme<\/h1>\n<p class=\"company-info__company-title org\">Nimi (Y-tunnus):\u00a0\u00a0 Salo-\u00c4itsaaren Mets\u00e4stysseura ry (0876560-6)<br \/>\nKotipaikka:\u00a0\u00a0\u00a0\u00a0\u00a0\u00a0\u00a0\u00a0\u00a0 \u00a0\u00a0 Ruokolahti<\/p>\n<p>Verkkosivustomme osoite on: https:\/\/metsastys.salo-aitsaari.fi<\/p>\n<h1>Mit\u00e4 henkil\u00f6tietoa ker\u00e4\u00e4mme ja miksi<\/h1>\n<h2>K\u00e4ytt\u00e4j\u00e4profiili<\/h2>\n<p>Rekister\u00f6idyist\u00e4 k\u00e4ytt\u00e4jist\u00e4 ker\u00e4t\u00e4\u00e4n se tieto, joka on n\u00e4kyviss\u00e4 profiili-n\u00e4kym\u00e4ss\u00e4. N\u00e4it\u00e4 tietoja ovat:<\/p>\n<p style=\"padding-left: 30px;\">k\u00e4ytt\u00e4j\u00e4tunnus<br \/>\netunimi<br \/>\nsukunimi<br \/>\nlempinimi<br \/>\ns\u00e4hk\u00f6postiosoite<br \/>\nkotisivu<br \/>\nvapaamuotoinen kuvaus itsest\u00e4<\/p>\n<p>Yll\u00e4mainitut tiedot saadaan rekister\u00f6idylt\u00e4 itselt\u00e4\u00e4n ja niit\u00e4 k\u00e4ytet\u00e4\u00e4n Salo-\u00c4itsaaren Mets\u00e4stysseura ry:n kotisivujen yll\u00e4pitoon ja sis\u00e4ll\u00f6nluontiin.<\/p>\n<p>Tietoja s\u00e4ilytet\u00e4\u00e4n k\u00e4ytt\u00e4j\u00e4tunnuksen voimassaolon ajan.<\/p>\n<h2>Kommentit ja muut lomakkeet<\/h2>\n<p>Kun vierailijat j\u00e4tt\u00e4v\u00e4t kommentin t\u00e4lle sivustolle ker\u00e4\u00e4mme tiedon, joka on n\u00e4kyviss\u00e4 kommentointikentiss\u00e4, IP-osoitteen, selaimen versioon liittyv\u00e4t tiedot sek\u00e4 p\u00e4iv\u00e4yksen jokaisen selainpyynn\u00f6n yhteydess\u00e4. T\u00e4t\u00e4 tietoa k\u00e4ytet\u00e4\u00e4n roskapostin ja muiden sivustoon kohdistuvien hy\u00f6kk\u00e4ysten havaitsemiseksi. S\u00e4hk\u00f6postiosoitteesta luotu anonymisoitu hajautustieto (hash) voidaan l\u00e4hett\u00e4\u00e4 Gravatar-palveluun, jotta tiedet\u00e4\u00e4n onko kommentoija palvelun k\u00e4ytt\u00e4j\u00e4. Gravatar-palvelun tietosuojaseloste l\u00f6ytyy osoitteesta https:\/\/automattic.com\/privacy\/.<\/p>\n<h2>Media<\/h2>\n<p>Mik\u00e4li lataat kuvia t\u00e4lle sivustolle, sinun tulee v\u00e4ltt\u00e4\u00e4 sellaisten kuvien lataamista, joissa on tallennettu paikkatieto (EXIF GPS). Sivuston vierailijat voivat ladata ja katsoa paikkatietoa kuvista, joita sivustolla on.<\/p>\n<h2>Ev\u00e4steet<\/h2>\n<p>Jos j\u00e4t\u00e4t kommentin sivustolle, voit valita nimen, s\u00e4hk\u00f6postiosoitteen ja url-osoitteen tallennuksen ev\u00e4steeseen. T\u00e4m\u00e4 toiminto lis\u00e4\u00e4 k\u00e4ytt\u00f6mukavuutta, koska lomaketta ei tarvitse t\u00e4ytt\u00e4\u00e4 jokaisella kerralla uudelleen kommenttia lis\u00e4tess\u00e4. Ev\u00e4stetieto poistetaan selaimesta vuoden kuluttua.<\/p>\n<p>Mik\u00e4li sinulla on tili ja kirjaudut sivustolle asetamme v\u00e4liaikaisen ev\u00e4steen, joka p\u00e4\u00e4ttelee tukeeko selaimesi ev\u00e4steit\u00e4 vai ei. T\u00e4m\u00e4 ev\u00e4ste ei sis\u00e4ll\u00e4 henkil\u00f6tietoa ja se poistetaan kun selainikkuna suljetaan.<\/p>\n<p>Kun kirjaudut sis\u00e4\u00e4n asetamme useita ev\u00e4steit\u00e4, jotka tallentavat kirjautumis- sek\u00e4 n\u00e4ytt\u00f6asetuksesi. Kirjautumisev\u00e4steet poistetaan kahden vuorokauden kuluessa, n\u00e4ytt\u00f6asetuksiin liittyv\u00e4t ev\u00e4steet poistuvat vuoden p\u00e4\u00e4st\u00e4. Mik\u00e4li valitset \u201cMuista minut\u201d kirjautumisen yhteydess\u00e4, kirjautumistietojasi s\u00e4ilytet\u00e4\u00e4n kahden viikon ajan. Mik\u00e4li kirjaudut ulos, kirjautumiseen liittyv\u00e4t ev\u00e4steet poistetaan samassa yhteydess\u00e4.<\/p>\n<p>Mik\u00e4li julkaiset artikkelin tai muokkaat olemassa olevaa tallennamme selaimeen ev\u00e4steen, joka sis\u00e4lt\u00e4\u00e4 muokattavan artikkelin ID:n. Ev\u00e4ste vanhenee yhdess\u00e4 vuorokaudessa.<\/p>\n<h2>Upotettu sis\u00e4lt\u00f6 muilta sivustoilta<\/h2>\n<p>T\u00e4m\u00e4n sivuston artikkelit voivat sis\u00e4lt\u00e4\u00e4 upotettua sis\u00e4lt\u00f6\u00e4 (esimerkiksi videoita, kuvia, artikkeleita jne.). Toisilta sivustoilta tuodun upotetun sis\u00e4ll\u00f6n avaaminen on verrattavissa siihen, ett\u00e4 vierailija itse k\u00e4visi kolmannen osapuolen sivustolla.<\/p>\n<p>N\u00e4m\u00e4 sivustot voivat ker\u00e4t\u00e4 tietoa sinusta, k\u00e4ytt\u00e4\u00e4 ev\u00e4steit\u00e4, upottaa kolmannen osapuolen seurantaev\u00e4steit\u00e4 ja monitoroida vuorovaikutustasi upotetun sis\u00e4ll\u00f6n kanssa, mukaan lukien vuorovaikutuksen seuranta jos ja kun olet kirjautunut k\u00e4ytt\u00e4j\u00e4n\u00e4 sivustolle.<\/p>\n<h2>Tapahtumienhallinta<\/h2>\n<div class=\"policy-text\">\n<p>K\u00e4yt\u00e4mme Googlen palveluja karttojen luomiseen ja kenttien automaattiseen t\u00e4ydennykseen tapahtumahakujen yhteydess\u00e4. N\u00e4m\u00e4 voivat ker\u00e4r\u00e4 tietoja selaimesta Google <a href=\"https:\/\/policies.google.com\/privacy\">tietosuojaselosteen<\/a> mukaisesti<\/p>\n<\/div>\n<h1>Kuinka kauan s\u00e4ilyt\u00e4mme tietoja<\/h1>\n<p>Mik\u00e4li j\u00e4t\u00e4t kommentin, kommenttia ja sen metatietoa s\u00e4ilytet\u00e4\u00e4n toistaiseksi. T\u00e4m\u00e4 tehd\u00e4\u00e4n siksi, ett\u00e4 voimme tunnistaa ja hyv\u00e4ksy\u00e4 seuraavat kommentit automaattisesti sen sijaan, ett\u00e4 s\u00e4ilytt\u00e4isimme ne moderointijonossa.<\/p>\n<p>Tallennamme rekister\u00f6ityneiden k\u00e4ytt\u00e4jien (jos sellaisia on) k\u00e4ytt\u00e4j\u00e4profiilien tiedot. Kaikilla k\u00e4ytt\u00e4jill\u00e4 on mahdollisuus n\u00e4hd\u00e4, muokata ja poistaa omia henkil\u00f6tietojaan milloin vain. Ainoastaan k\u00e4ytt\u00e4j\u00e4nime\u00e4 ei voi muuttaa. Verkkosivuston yll\u00e4pit\u00e4j\u00e4t voivat n\u00e4hd\u00e4 ja muokata k\u00e4ytt\u00e4j\u00e4profiilien tietoja.<\/p>\n<h1>Mit\u00e4 oikeuksia sinulla on omaan tietoosi<\/h1>\n<p>Mik\u00e4li sinulla on k\u00e4ytt\u00e4j\u00e4tili t\u00e4lle sivustolle tai olet j\u00e4tt\u00e4nyt kommentteja, voit pyyt\u00e4\u00e4 koostetiedostoa omista henkil\u00f6tiedoistasi, sis\u00e4lt\u00e4en kaiken henkil\u00f6tiedon, jonka olet meille antanut. Voit my\u00f6s pyyt\u00e4\u00e4 henkil\u00f6tietojesi poistoa. Oikeus omien tietojen poistoon ei koske sellaista henkil\u00f6tietoa, joka meid\u00e4n on s\u00e4ilytett\u00e4v\u00e4 yll\u00e4pidollisista, juridisista tai tietoturvaan liittyvist\u00e4 syist\u00e4.<\/p>\n<h1>Kenelle jaamme tietosi<\/h1>\n<p>Emme jaa tietojasi muille, paitsi viranomaisille lains\u00e4\u00e4d\u00e4nn\u00f6n niin vaatiessa.<\/p>\n<h1>Kenelle l\u00e4het\u00e4mme tietosi<\/h1>\n<p>Vierailijoiden kommentteja saatetaan tarkistaa automatisoidun roskapostiestopalvelun kautta.<\/p>\n<h1>Yhteydenotot<\/h1>\n<p>Voit ottaa meihin yhteytt\u00e4 yhteydenottolomakkeemme kautta.<\/p>\n","protected":false},"excerpt":{"rendered":"<p>Keit\u00e4 me olemme Nimi (Y-tunnus):\u00a0\u00a0 Salo-\u00c4itsaaren Mets\u00e4stysseura ry (0876560-6) Kotipaikka:\u00a0\u00a0\u00a0\u00a0\u00a0\u00a0\u00a0\u00a0\u00a0 \u00a0\u00a0 Ruokolahti Verkkosivustomme osoite on: https:\/\/metsastys.salo-aitsaari.fi Mit\u00e4 henkil\u00f6tietoa ker\u00e4\u00e4mme ja miksi K\u00e4ytt\u00e4j\u00e4profiili Rekister\u00f6idyist\u00e4 k\u00e4ytt\u00e4jist\u00e4 ker\u00e4t\u00e4\u00e4n se tieto, joka on n\u00e4kyviss\u00e4 profiili-n\u00e4kym\u00e4ss\u00e4. N\u00e4it\u00e4 tietoja ovat: k\u00e4ytt\u00e4j\u00e4tunnus etunimi sukunimi lempinimi s\u00e4hk\u00f6postiosoite kotisivu vapaamuotoinen kuvaus itsest\u00e4 Yll\u00e4mainitut tiedot saadaan rekister\u00f6idylt\u00e4 itselt\u00e4\u00e4n ja niit\u00e4 k\u00e4ytet\u00e4\u00e4n Salo-\u00c4itsaaren Mets\u00e4stysseura ry:n kotisivujen &hellip; <\/p>\n<p class=\"link-more\"><a href=\"https:\/\/metsastys.salo-aitsaari.fi\/?page_id=2\" class=\"more-link\">Jatka lukemista<span class=\"screen-reader-text\"> &#8221;Tietosuojaseloste&#8221;<\/span><\/a><\/p>\n","protected":false},"author":1,"featured_media":0,"parent":0,"menu_order":0,"comment_status":"closed","ping_status":"open","template":"","meta":{"footnotes":""},"class_list":["post-2","page","type-page","status-publish","hentry"],"_links":{"self":[{"href":"https:\/\/metsastys.salo-aitsaari.fi\/index.php?rest_route=\/wp\/v2\/pages\/2","targetHints":{"allow":["GET"]}}],"collection":[{"href":"https:\/\/metsastys.salo-aitsaari.fi\/index.php?rest_route=\/wp\/v2\/pages"}],"about":[{"href":"https:\/\/metsastys.salo-aitsaari.fi\/index.php?rest_route=\/wp\/v2\/types\/page"}],"author":[{"embeddable":true,"href":"https:\/\/metsastys.salo-aitsaari.fi\/index.php?rest_route=\/wp\/v2\/users\/1"}],"replies":[{"embeddable":true,"href":"https:\/\/metsastys.salo-aitsaari.fi\/index.php?rest_route=%2Fwp%2Fv2%2Fcomments&post=2"}],"version-history":[{"count":14,"href":"https:\/\/metsastys.salo-aitsaari.fi\/index.php?rest_route=\/wp\/v2\/pages\/2\/revisions"}],"predecessor-version":[{"id":117,"href":"https:\/\/metsastys.salo-aitsaari.fi\/index.php?rest_route=\/wp\/v2\/pages\/2\/revisions\/117"}],"wp:attachment":[{"href":"https:\/\/metsastys.salo-aitsaari.fi\/index.php?rest_route=%2Fwp%2Fv2%2Fmedia&parent=2"}],"curies":[{"name":"wp","href":"https:\/\/api.w.org\/{rel}","templated":true}]}}